{"id":4789,"date":"2024-10-13T08:05:01","date_gmt":"2024-10-13T05:05:01","guid":{"rendered":"https:\/\/revivess.com\/surdurulebilirlik\/"},"modified":"2024-10-16T11:37:22","modified_gmt":"2024-10-16T08:37:22","slug":"surdurulebilirlik","status":"publish","type":"page","link":"https:\/\/revivess.com\/tr\/surdurulebilirlik\/","title":{"rendered":"S\u00fcrd\u00fcr\u00fclebilirlik"},"content":{"rendered":"\t\t<div data-elementor-type=\"wp-page\" data-elementor-id=\"4789\" class=\"elementor elementor-4789 elementor-4759\" data-elementor-post-type=\"page\">\n\t\t\t\t\t\t<section class=\"elementor-section elementor-top-section elementor-element elementor-element-08faca5 elementor-section-height-min-height elementor-section-content-middle elementor-section-boxed elementor-section-height-default elementor-section-items-middle\" data-id=\"08faca5\" data-element_type=\"section\" data-settings=\"{&quot;background_background&quot;:&quot;classic&quot;}\">\n\t\t\t\t\t\t<div class=\"elementor-container elementor-column-gap-no\">\n\t\t\t\t\t<div class=\"elementor-column elementor-col-100 elementor-top-column elementor-element elementor-element-686e699\" data-id=\"686e699\" data-element_type=\"column\">\n\t\t\t<div class=\"elementor-widget-wrap elementor-element-populated\">\n\t\t\t\t\t\t<div class=\"elementor-element elementor-element-95ed9d1 elementor-widget elementor-widget-theme-post-title elementor-page-title elementor-widget-heading\" data-id=\"95ed9d1\" data-element_type=\"widget\" data-widget_type=\"theme-post-title.default\">\n\t\t\t\t<div class=\"elementor-widget-container\">\n\t\t\t<h1 class=\"elementor-heading-title elementor-size-default\">S\u00fcrd\u00fcr\u00fclebilirlik<\/h1>\t\t<\/div>\n\t\t\t\t<\/div>\n\t\t\t\t<section class=\"elementor-section elementor-inner-section elementor-element elementor-element-d101605 elementor-section-height-min-height elementor-section-boxed elementor-section-height-default\" data-id=\"d101605\" data-element_type=\"section\">\n\t\t\t\t\t\t<div class=\"elementor-container elementor-column-gap-no\">\n\t\t\t\t\t<div class=\"elementor-column elementor-col-100 elementor-inner-column elementor-element elementor-element-a9ab41d\" data-id=\"a9ab41d\" data-element_type=\"column\">\n\t\t\t<div class=\"elementor-widget-wrap elementor-element-populated\">\n\t\t\t\t\t\t<div class=\"elementor-element elementor-element-70183e1 elementor-widget-divider--view-line elementor-widget elementor-widget-divider\" data-id=\"70183e1\" data-element_type=\"widget\" data-widget_type=\"divider.default\">\n\t\t\t\t<div class=\"elementor-widget-container\">\n\t\t\t\t\t<div class=\"elementor-divider\">\n\t\t\t<span class=\"elementor-divider-separator\">\n\t\t\t\t\t\t<\/span>\n\t\t<\/div>\n\t\t\t\t<\/div>\n\t\t\t\t<\/div>\n\t\t\t\t\t<\/div>\n\t\t<\/div>\n\t\t\t\t\t<\/div>\n\t\t<\/section>\n\t\t\t\t\t<\/div>\n\t\t<\/div>\n\t\t\t\t\t<\/div>\n\t\t<\/section>\n\t\t\t\t<section class=\"elementor-section elementor-top-section elementor-element elementor-element-bc98d56 elementor-section-content-middle elementor-section-boxed elementor-section-height-default elementor-section-height-default\" data-id=\"bc98d56\" data-element_type=\"section\" data-settings=\"{&quot;background_background&quot;:&quot;classic&quot;}\">\n\t\t\t\t\t\t<div class=\"elementor-container elementor-column-gap-default\">\n\t\t\t\t\t<div class=\"elementor-column elementor-col-100 elementor-top-column elementor-element elementor-element-ac363b0\" data-id=\"ac363b0\" data-element_type=\"column\">\n\t\t\t<div class=\"elementor-widget-wrap elementor-element-populated\">\n\t\t\t\t\t\t<section class=\"elementor-section elementor-inner-section elementor-element elementor-element-ee0d0fd elementor-section-content-bottom elementor-section-boxed elementor-section-height-default elementor-section-height-default\" data-id=\"ee0d0fd\" data-element_type=\"section\" data-settings=\"{&quot;background_background&quot;:&quot;classic&quot;}\">\n\t\t\t\t\t\t<div class=\"elementor-container elementor-column-gap-default\">\n\t\t\t\t\t<div class=\"elementor-column elementor-col-100 elementor-inner-column elementor-element elementor-element-f43af3a\" data-id=\"f43af3a\" data-element_type=\"column\">\n\t\t\t<div class=\"elementor-widget-wrap elementor-element-populated\">\n\t\t\t\t\t\t<div class=\"elementor-element elementor-element-0d3f4b9 elementor-widget elementor-widget-text-editor\" data-id=\"0d3f4b9\" data-element_type=\"widget\" data-widget_type=\"text-editor.default\">\n\t\t\t\t<div class=\"elementor-widget-container\">\n\t\t\t\t\t\t\t<p><strong>S\u00fcrd\u00fcr\u00fclebilirlik Yakla\u015f\u0131m\u0131m\u0131z<\/strong><\/p>\n<p><strong>Revive<\/strong>, end\u00fcstriyel at\u0131klar\u0131 de\u011ferli hammaddelere ve son \u00fcr\u00fcnlere d\u00f6n\u00fc\u015ft\u00fcrerek \u00e7evresel s\u00fcrd\u00fcr\u00fclebilirli\u011fi te\u015fvik eden \u00f6nc\u00fc bir kurulu\u015f olarak faaliyet g\u00f6stermektedir. Yenilik\u00e7i \u00e7\u00f6z\u00fcmlerimizi laboratuvar a\u015famas\u0131ndan end\u00fcstriyel \u00f6l\u00e7eklere ta\u015f\u0131yarak, \u00e7evresel fayday\u0131 en \u00fcst d\u00fczeye \u00e7\u0131karmay\u0131 hedefliyoruz. <\/p>\n<p><strong>Ya\u015fam D\u00f6ng\u00fcs\u00fc De\u011ferlendirmesi (LCA) ve Be\u015fikten Be\u015fi\u011fe Yakla\u015f\u0131m<\/strong><\/p>\n<p>Revive, t\u00fcm \u00fcretim s\u00fcre\u00e7lerinde emisyon azalt\u0131m\u0131n\u0131 \u00f6ncelikli hedef olarak belirleyerek, Ya\u015fam D\u00f6ng\u00fcs\u00fc De\u011ferlendirmesi (LCA) ve be\u015fikten be\u015fi\u011fe yakla\u015f\u0131m\u0131n\u0131 benimsemektedir. Bu modellerle at\u0131klar hammaddeye d\u00f6n\u00fc\u015ft\u00fcr\u00fclerek yeniden kullan\u0131l\u0131r, b\u00f6ylece kaynak verimlili\u011fi sa\u011flan\u0131rken at\u0131k miktar\u0131 minimize edilir. Bu s\u00fcre\u00e7, karbon emisyonlar\u0131n\u0131 azalt\u0131rken s\u00fcrd\u00fcr\u00fclebilir kaynak kullan\u0131m\u0131n\u0131 te\u015fvik eder ve \u00e7evresel s\u00fcrd\u00fcr\u00fclebilirli\u011fi en \u00fcst seviyeye \u00e7\u0131kar\u0131r.  <\/p>\n\t\t\t\t\t\t<\/div>\n\t\t\t\t<\/div>\n\t\t\t\t<div class=\"elementor-element elementor-element-0113aee elementor-widget elementor-widget-image\" data-id=\"0113aee\" data-element_type=\"widget\" data-widget_type=\"image.default\">\n\t\t\t\t<div class=\"elementor-widget-container\">\n\t\t\t\t\t\t\t\t\t\t\t\t\t\t<a href=\"https:\/\/revivess.com\/wp-content\/uploads\/2024\/10\/Sustainability.jpeg\" data-elementor-open-lightbox=\"yes\" data-elementor-lightbox-title=\"Sustainability\" data-e-action-hash=\"#elementor-action%3Aaction%3Dlightbox%26settings%3DeyJpZCI6NDc2NCwidXJsIjoiaHR0cHM6XC9cL3Jldml2ZXNzLmNvbVwvd3AtY29udGVudFwvdXBsb2Fkc1wvMjAyNFwvMTBcL1N1c3RhaW5hYmlsaXR5LmpwZWcifQ%3D%3D\">\n\t\t\t\t\t\t\t<img fetchpriority=\"high\" decoding=\"async\" width=\"800\" height=\"800\" src=\"https:\/\/revivess.com\/wp-content\/uploads\/2024\/10\/Sustainability-1024x1024.jpeg\" class=\"attachment-large size-large wp-image-4764\" alt=\"\" srcset=\"https:\/\/revivess.com\/wp-content\/uploads\/2024\/10\/Sustainability-1024x1024.jpeg 1024w, https:\/\/revivess.com\/wp-content\/uploads\/2024\/10\/Sustainability-300x300.jpeg 300w, https:\/\/revivess.com\/wp-content\/uploads\/2024\/10\/Sustainability-150x150.jpeg 150w, https:\/\/revivess.com\/wp-content\/uploads\/2024\/10\/Sustainability-768x768.jpeg 768w, https:\/\/revivess.com\/wp-content\/uploads\/2024\/10\/Sustainability-500x500.jpeg 500w, https:\/\/revivess.com\/wp-content\/uploads\/2024\/10\/Sustainability.jpeg 1080w\" sizes=\"(max-width: 800px) 100vw, 800px\" \/>\t\t\t\t\t\t\t\t<\/a>\n\t\t\t\t\t\t\t\t\t\t\t\t\t<\/div>\n\t\t\t\t<\/div>\n\t\t\t\t<div class=\"elementor-element elementor-element-79a83f2 elementor-widget elementor-widget-text-editor\" data-id=\"79a83f2\" data-element_type=\"widget\" data-widget_type=\"text-editor.default\">\n\t\t\t\t<div class=\"elementor-widget-container\">\n\t\t\t\t\t\t\t<p><strong>Raporlama ve Standartlara Uygunluk<\/strong><\/p>\n<p>Yapt\u0131\u011f\u0131m\u0131z t\u00fcm \u00e7al\u0131\u015fmalar, emisyon azalt\u0131m de\u011ferlerinin uluslararas\u0131 kabul g\u00f6rm\u00fc\u015f standartlar \u00e7er\u00e7evesinde raporlanmas\u0131n\u0131 ve belgelendirilmesini i\u00e7erir. Revive, elde edilen emisyon kazan\u0131m sonu\u00e7lar\u0131n\u0131 <strong>ISO 14064 <\/strong>standard\u0131 \u00e7er\u00e7evesinde resmi olarak raporlamakta ve bu sonu\u00e7lar\u0131 I<strong>SO 14040 ve ISO 14044<\/strong> <strong>ya\u015fam d\u00f6ng\u00fcs\u00fc de\u011ferlendirme<\/strong> standartlar\u0131na uygun olarak belgelendirmektedir. Bu standartlar, emisyon \u00f6l\u00e7\u00fcm ve raporlama s\u00fcre\u00e7lerimizin d\u00fcnya \u00e7ap\u0131nda onaylanm\u0131\u015f y\u00f6ntemlere dayand\u0131\u011f\u0131n\u0131 garanti eder. Bu sayede, s\u00fcrd\u00fcr\u00fclebilirlik performans\u0131m\u0131z\u0131n somut kan\u0131tlar\u0131n\u0131 sunarak \u015feffaf ve g\u00fcvenilir bir i\u015f modeli uyguluyoruz.  <\/p>\n<p><strong>Gelece\u011fe Yat\u0131r\u0131m<\/strong><\/p>\n<p><strong>Revive<\/strong>, \u00e7evre dostu \u00fcretim s\u00fcre\u00e7leri ile daha ye\u015fil ve ya\u015fanabilir bir gelecek in\u015fa etmeye kendini adam\u0131\u015ft\u0131r. Yenilik\u00e7i teknolojiler ve s\u00fcre\u00e7lerle her ge\u00e7en g\u00fcn s\u00fcrd\u00fcr\u00fclebilirlik vizyonumuzu g\u00fc\u00e7lendiriyor, \u00e7evresel etkilerimizi azalt\u0131yor ve gezegenimizin s\u0131n\u0131rl\u0131 kaynaklar\u0131n\u0131 koruma konusunda somut ad\u0131mlar at\u0131yoruz. <\/p>\n\t\t\t\t\t\t<\/div>\n\t\t\t\t<\/div>\n\t\t\t\t\t<\/div>\n\t\t<\/div>\n\t\t\t\t\t<\/div>\n\t\t<\/section>\n\t\t\t\t\t<\/div>\n\t\t<\/div>\n\t\t\t\t\t<\/div>\n\t\t<\/section>\n\t\t\t\t<\/div>\n\t\t","protected":false},"excerpt":{"rendered":"<p>S\u00fcrd\u00fcr\u00fclebilirlik Yakla\u015f\u0131m\u0131m\u0131z Revive, end\u00fcstriyel at\u0131klar\u0131 de\u011ferli hammaddelere ve son \u00fcr\u00fcnlere d\u00f6n\u00fc\u015ft\u00fcrerek \u00e7evresel s\u00fcrd\u00fcr\u00fclebilirli\u011fi te\u015fvik eden \u00f6nc\u00fc bir kurulu\u015f olarak faaliyet g\u00f6stermektedir. Yenilik\u00e7i \u00e7\u00f6z\u00fcmlerimizi laboratuvar a\u015famas\u0131ndan end\u00fcstriyel \u00f6l\u00e7eklere ta\u015f\u0131yarak, \u00e7evresel fayday\u0131 en \u00fcst d\u00fczeye \u00e7\u0131karmay\u0131 hedefliyoruz. Ya\u015fam D\u00f6ng\u00fcs\u00fc De\u011ferlendirmesi (LCA) ve Be\u015fikten Be\u015fi\u011fe Yakla\u015f\u0131m Revive, t\u00fcm \u00fcretim s\u00fcre\u00e7lerinde emisyon azalt\u0131m\u0131n\u0131 \u00f6ncelikli hedef olarak belirleyerek, Ya\u015fam D\u00f6ng\u00fcs\u00fc [&hellip;]<\/p>\n","protected":false},"author":2,"featured_media":3609,"parent":0,"menu_order":0,"comment_status":"closed","ping_status":"closed","template":"elementor_header_footer","meta":{"_acf_changed":false,"footnotes":""},"class_list":["post-4789","page","type-page","status-publish","has-post-thumbnail","hentry"],"acf":[],"yoast_head":"<!-- This site is optimized with the Yoast SEO plugin v23.6 - https:\/\/yoast.com\/wordpress\/plugins\/seo\/ -->\n<title>S\u00fcrd\u00fcr\u00fclebilirlik - REVIVE Sustainability Solutions<\/title>\n<meta name=\"robots\" content=\"index, follow, max-snippet:-1, max-image-preview:large, max-video-preview:-1\" \/>\n<link rel=\"canonical\" href=\"https:\/\/revivess.com\/tr\/surdurulebilirlik\/\" \/>\n<meta property=\"og:locale\" content=\"tr_TR\" \/>\n<meta property=\"og:type\" content=\"article\" \/>\n<meta property=\"og:title\" content=\"S\u00fcrd\u00fcr\u00fclebilirlik - REVIVE Sustainability Solutions\" \/>\n<meta property=\"og:description\" content=\"S\u00fcrd\u00fcr\u00fclebilirlik Yakla\u015f\u0131m\u0131m\u0131z Revive, end\u00fcstriyel at\u0131klar\u0131 de\u011ferli hammaddelere ve son \u00fcr\u00fcnlere d\u00f6n\u00fc\u015ft\u00fcrerek \u00e7evresel s\u00fcrd\u00fcr\u00fclebilirli\u011fi te\u015fvik eden \u00f6nc\u00fc bir kurulu\u015f olarak faaliyet g\u00f6stermektedir. Yenilik\u00e7i \u00e7\u00f6z\u00fcmlerimizi laboratuvar a\u015famas\u0131ndan end\u00fcstriyel \u00f6l\u00e7eklere ta\u015f\u0131yarak, \u00e7evresel fayday\u0131 en \u00fcst d\u00fczeye \u00e7\u0131karmay\u0131 hedefliyoruz. Ya\u015fam D\u00f6ng\u00fcs\u00fc De\u011ferlendirmesi (LCA) ve Be\u015fikten Be\u015fi\u011fe Yakla\u015f\u0131m Revive, t\u00fcm \u00fcretim s\u00fcre\u00e7lerinde emisyon azalt\u0131m\u0131n\u0131 \u00f6ncelikli hedef olarak belirleyerek, Ya\u015fam D\u00f6ng\u00fcs\u00fc [&hellip;]\" \/>\n<meta property=\"og:url\" content=\"https:\/\/revivess.com\/tr\/surdurulebilirlik\/\" \/>\n<meta property=\"og:site_name\" content=\"REVIVE Sustainability Solutions\" \/>\n<meta property=\"article:modified_time\" content=\"2024-10-16T08:37:22+00:00\" \/>\n<meta property=\"og:image\" content=\"https:\/\/revivess.com\/wp-content\/uploads\/2023\/03\/revive-favicon.png\" \/>\n\t<meta property=\"og:image:width\" content=\"500\" \/>\n\t<meta property=\"og:image:height\" content=\"500\" \/>\n\t<meta property=\"og:image:type\" content=\"image\/png\" \/>\n<meta name=\"twitter:card\" content=\"summary_large_image\" \/>\n<meta name=\"twitter:label1\" content=\"Tahmini okuma s\u00fcresi\" \/>\n\t<meta name=\"twitter:data1\" content=\"2 dakika\" \/>\n<script type=\"application\/ld+json\" class=\"yoast-schema-graph\">{\"@context\":\"https:\/\/schema.org\",\"@graph\":[{\"@type\":\"WebPage\",\"@id\":\"https:\/\/revivess.com\/tr\/surdurulebilirlik\/\",\"url\":\"https:\/\/revivess.com\/tr\/surdurulebilirlik\/\",\"name\":\"S\u00fcrd\u00fcr\u00fclebilirlik - REVIVE Sustainability Solutions\",\"isPartOf\":{\"@id\":\"https:\/\/revivess.com\/#website\"},\"primaryImageOfPage\":{\"@id\":\"https:\/\/revivess.com\/tr\/surdurulebilirlik\/#primaryimage\"},\"image\":{\"@id\":\"https:\/\/revivess.com\/tr\/surdurulebilirlik\/#primaryimage\"},\"thumbnailUrl\":\"https:\/\/revivess.com\/wp-content\/uploads\/2023\/03\/revive-favicon.png\",\"datePublished\":\"2024-10-13T05:05:01+00:00\",\"dateModified\":\"2024-10-16T08:37:22+00:00\",\"breadcrumb\":{\"@id\":\"https:\/\/revivess.com\/tr\/surdurulebilirlik\/#breadcrumb\"},\"inLanguage\":\"tr\",\"potentialAction\":[{\"@type\":\"ReadAction\",\"target\":[\"https:\/\/revivess.com\/tr\/surdurulebilirlik\/\"]}]},{\"@type\":\"ImageObject\",\"inLanguage\":\"tr\",\"@id\":\"https:\/\/revivess.com\/tr\/surdurulebilirlik\/#primaryimage\",\"url\":\"https:\/\/revivess.com\/wp-content\/uploads\/2023\/03\/revive-favicon.png\",\"contentUrl\":\"https:\/\/revivess.com\/wp-content\/uploads\/2023\/03\/revive-favicon.png\",\"width\":500,\"height\":500},{\"@type\":\"BreadcrumbList\",\"@id\":\"https:\/\/revivess.com\/tr\/surdurulebilirlik\/#breadcrumb\",\"itemListElement\":[{\"@type\":\"ListItem\",\"position\":1,\"name\":\"Homepage\",\"item\":\"https:\/\/revivess.com\/tr\/\"},{\"@type\":\"ListItem\",\"position\":2,\"name\":\"S\u00fcrd\u00fcr\u00fclebilirlik\"}]},{\"@type\":\"WebSite\",\"@id\":\"https:\/\/revivess.com\/#website\",\"url\":\"https:\/\/revivess.com\/\",\"name\":\"REVIVE Sustainability Solutions\",\"description\":\"\",\"publisher\":{\"@id\":\"https:\/\/revivess.com\/#organization\"},\"potentialAction\":[{\"@type\":\"SearchAction\",\"target\":{\"@type\":\"EntryPoint\",\"urlTemplate\":\"https:\/\/revivess.com\/?s={search_term_string}\"},\"query-input\":{\"@type\":\"PropertyValueSpecification\",\"valueRequired\":true,\"valueName\":\"search_term_string\"}}],\"inLanguage\":\"tr\"},{\"@type\":\"Organization\",\"@id\":\"https:\/\/revivess.com\/#organization\",\"name\":\"REVIVE Sustainability Solutions\",\"url\":\"https:\/\/revivess.com\/\",\"logo\":{\"@type\":\"ImageObject\",\"inLanguage\":\"tr\",\"@id\":\"https:\/\/revivess.com\/#\/schema\/logo\/image\/\",\"url\":\"https:\/\/revivess.com\/wp-content\/uploads\/2024\/08\/revive-favicon.png\",\"contentUrl\":\"https:\/\/revivess.com\/wp-content\/uploads\/2024\/08\/revive-favicon.png\",\"width\":500,\"height\":500,\"caption\":\"REVIVE Sustainability Solutions\"},\"image\":{\"@id\":\"https:\/\/revivess.com\/#\/schema\/logo\/image\/\"}}]}<\/script>\n<!-- \/ Yoast SEO plugin. -->","yoast_head_json":{"title":"S\u00fcrd\u00fcr\u00fclebilirlik - REVIVE Sustainability Solutions","robots":{"index":"index","follow":"follow","max-snippet":"max-snippet:-1","max-image-preview":"max-image-preview:large","max-video-preview":"max-video-preview:-1"},"canonical":"https:\/\/revivess.com\/tr\/surdurulebilirlik\/","og_locale":"tr_TR","og_type":"article","og_title":"S\u00fcrd\u00fcr\u00fclebilirlik - REVIVE Sustainability Solutions","og_description":"S\u00fcrd\u00fcr\u00fclebilirlik Yakla\u015f\u0131m\u0131m\u0131z Revive, end\u00fcstriyel at\u0131klar\u0131 de\u011ferli hammaddelere ve son \u00fcr\u00fcnlere d\u00f6n\u00fc\u015ft\u00fcrerek \u00e7evresel s\u00fcrd\u00fcr\u00fclebilirli\u011fi te\u015fvik eden \u00f6nc\u00fc bir kurulu\u015f olarak faaliyet g\u00f6stermektedir. Yenilik\u00e7i \u00e7\u00f6z\u00fcmlerimizi laboratuvar a\u015famas\u0131ndan end\u00fcstriyel \u00f6l\u00e7eklere ta\u015f\u0131yarak, \u00e7evresel fayday\u0131 en \u00fcst d\u00fczeye \u00e7\u0131karmay\u0131 hedefliyoruz. Ya\u015fam D\u00f6ng\u00fcs\u00fc De\u011ferlendirmesi (LCA) ve Be\u015fikten Be\u015fi\u011fe Yakla\u015f\u0131m Revive, t\u00fcm \u00fcretim s\u00fcre\u00e7lerinde emisyon azalt\u0131m\u0131n\u0131 \u00f6ncelikli hedef olarak belirleyerek, Ya\u015fam D\u00f6ng\u00fcs\u00fc [&hellip;]","og_url":"https:\/\/revivess.com\/tr\/surdurulebilirlik\/","og_site_name":"REVIVE Sustainability Solutions","article_modified_time":"2024-10-16T08:37:22+00:00","og_image":[{"width":500,"height":500,"url":"https:\/\/revivess.com\/wp-content\/uploads\/2023\/03\/revive-favicon.png","type":"image\/png"}],"twitter_card":"summary_large_image","twitter_misc":{"Tahmini okuma s\u00fcresi":"2 dakika"},"schema":{"@context":"https:\/\/schema.org","@graph":[{"@type":"WebPage","@id":"https:\/\/revivess.com\/tr\/surdurulebilirlik\/","url":"https:\/\/revivess.com\/tr\/surdurulebilirlik\/","name":"S\u00fcrd\u00fcr\u00fclebilirlik - REVIVE Sustainability Solutions","isPartOf":{"@id":"https:\/\/revivess.com\/#website"},"primaryImageOfPage":{"@id":"https:\/\/revivess.com\/tr\/surdurulebilirlik\/#primaryimage"},"image":{"@id":"https:\/\/revivess.com\/tr\/surdurulebilirlik\/#primaryimage"},"thumbnailUrl":"https:\/\/revivess.com\/wp-content\/uploads\/2023\/03\/revive-favicon.png","datePublished":"2024-10-13T05:05:01+00:00","dateModified":"2024-10-16T08:37:22+00:00","breadcrumb":{"@id":"https:\/\/revivess.com\/tr\/surdurulebilirlik\/#breadcrumb"},"inLanguage":"tr","potentialAction":[{"@type":"ReadAction","target":["https:\/\/revivess.com\/tr\/surdurulebilirlik\/"]}]},{"@type":"ImageObject","inLanguage":"tr","@id":"https:\/\/revivess.com\/tr\/surdurulebilirlik\/#primaryimage","url":"https:\/\/revivess.com\/wp-content\/uploads\/2023\/03\/revive-favicon.png","contentUrl":"https:\/\/revivess.com\/wp-content\/uploads\/2023\/03\/revive-favicon.png","width":500,"height":500},{"@type":"BreadcrumbList","@id":"https:\/\/revivess.com\/tr\/surdurulebilirlik\/#breadcrumb","itemListElement":[{"@type":"ListItem","position":1,"name":"Homepage","item":"https:\/\/revivess.com\/tr\/"},{"@type":"ListItem","position":2,"name":"S\u00fcrd\u00fcr\u00fclebilirlik"}]},{"@type":"WebSite","@id":"https:\/\/revivess.com\/#website","url":"https:\/\/revivess.com\/","name":"REVIVE Sustainability Solutions","description":"","publisher":{"@id":"https:\/\/revivess.com\/#organization"},"potentialAction":[{"@type":"SearchAction","target":{"@type":"EntryPoint","urlTemplate":"https:\/\/revivess.com\/?s={search_term_string}"},"query-input":{"@type":"PropertyValueSpecification","valueRequired":true,"valueName":"search_term_string"}}],"inLanguage":"tr"},{"@type":"Organization","@id":"https:\/\/revivess.com\/#organization","name":"REVIVE Sustainability Solutions","url":"https:\/\/revivess.com\/","logo":{"@type":"ImageObject","inLanguage":"tr","@id":"https:\/\/revivess.com\/#\/schema\/logo\/image\/","url":"https:\/\/revivess.com\/wp-content\/uploads\/2024\/08\/revive-favicon.png","contentUrl":"https:\/\/revivess.com\/wp-content\/uploads\/2024\/08\/revive-favicon.png","width":500,"height":500,"caption":"REVIVE Sustainability Solutions"},"image":{"@id":"https:\/\/revivess.com\/#\/schema\/logo\/image\/"}}]}},"_links":{"self":[{"href":"https:\/\/revivess.com\/tr\/wp-json\/wp\/v2\/pages\/4789"}],"collection":[{"href":"https:\/\/revivess.com\/tr\/wp-json\/wp\/v2\/pages"}],"about":[{"href":"https:\/\/revivess.com\/tr\/wp-json\/wp\/v2\/types\/page"}],"author":[{"embeddable":true,"href":"https:\/\/revivess.com\/tr\/wp-json\/wp\/v2\/users\/2"}],"replies":[{"embeddable":true,"href":"https:\/\/revivess.com\/tr\/wp-json\/wp\/v2\/comments?post=4789"}],"version-history":[{"count":1,"href":"https:\/\/revivess.com\/tr\/wp-json\/wp\/v2\/pages\/4789\/revisions"}],"predecessor-version":[{"id":4790,"href":"https:\/\/revivess.com\/tr\/wp-json\/wp\/v2\/pages\/4789\/revisions\/4790"}],"wp:featuredmedia":[{"embeddable":true,"href":"https:\/\/revivess.com\/tr\/wp-json\/wp\/v2\/media\/3609"}],"wp:attachment":[{"href":"https:\/\/revivess.com\/tr\/wp-json\/wp\/v2\/media?parent=4789"}],"curies":[{"name":"wp","href":"https:\/\/api.w.org\/{rel}","templated":true}]}}