{"id":2978,"date":"2024-06-21T23:35:15","date_gmt":"2024-06-21T20:35:15","guid":{"rendered":"https:\/\/revivess.com\/?page_id=2978"},"modified":"2024-09-23T13:44:08","modified_gmt":"2024-09-23T10:44:08","slug":"hakkimizda","status":"publish","type":"page","link":"https:\/\/revivess.com\/tr\/hakkimizda\/","title":{"rendered":"Hakk\u0131m\u0131zda"},"content":{"rendered":"\t\t<div data-elementor-type=\"wp-page\" data-elementor-id=\"2978\" class=\"elementor elementor-2978\" data-elementor-post-type=\"page\">\n\t\t\t\t\t\t<section class=\"elementor-section elementor-top-section elementor-element elementor-element-93b21a6 elementor-section-full_width elementor-section-height-min-height elementor-section-height-default elementor-section-items-middle\" data-id=\"93b21a6\" data-element_type=\"section\">\n\t\t\t\t\t\t<div class=\"elementor-container elementor-column-gap-no\">\n\t\t\t\t\t<div class=\"elementor-column elementor-col-50 elementor-top-column elementor-element elementor-element-2caeb81\" data-id=\"2caeb81\" data-element_type=\"column\" data-settings=\"{&quot;background_background&quot;:&quot;slideshow&quot;,&quot;background_slideshow_gallery&quot;:[],&quot;background_slideshow_loop&quot;:&quot;yes&quot;,&quot;background_slideshow_slide_duration&quot;:5000,&quot;background_slideshow_slide_transition&quot;:&quot;fade&quot;,&quot;background_slideshow_transition_duration&quot;:500}\">\n\t\t\t<div class=\"elementor-widget-wrap elementor-element-populated\">\n\t\t\t\t\t\t<div class=\"elementor-element elementor-element-455053f elementor-widget elementor-widget-image\" data-id=\"455053f\" data-element_type=\"widget\" data-widget_type=\"image.default\">\n\t\t\t\t<div class=\"elementor-widget-container\">\n\t\t\t\t\t\t\t\t\t\t\t\t\t<img fetchpriority=\"high\" decoding=\"async\" width=\"800\" height=\"531\" src=\"https:\/\/revivess.com\/wp-content\/uploads\/2024\/08\/revive-sld3.png\" class=\"attachment-large size-large wp-image-3964\" alt=\"\" srcset=\"https:\/\/revivess.com\/wp-content\/uploads\/2024\/08\/revive-sld3.png 1000w, https:\/\/revivess.com\/wp-content\/uploads\/2024\/08\/revive-sld3-300x199.png 300w, https:\/\/revivess.com\/wp-content\/uploads\/2024\/08\/revive-sld3-768x510.png 768w\" sizes=\"(max-width: 800px) 100vw, 800px\" \/>\t\t\t\t\t\t\t\t\t\t\t\t\t<\/div>\n\t\t\t\t<\/div>\n\t\t\t\t\t<\/div>\n\t\t<\/div>\n\t\t\t\t<div class=\"elementor-column elementor-col-50 elementor-top-column elementor-element elementor-element-ecd32ee\" data-id=\"ecd32ee\" data-element_type=\"column\">\n\t\t\t<div class=\"elementor-widget-wrap elementor-element-populated\">\n\t\t\t\t\t\t<div class=\"elementor-element elementor-element-3b5c0f1 elementor-widget elementor-widget-heading\" data-id=\"3b5c0f1\" data-element_type=\"widget\" data-widget_type=\"heading.default\">\n\t\t\t\t<div class=\"elementor-widget-container\">\n\t\t\t<h2 class=\"elementor-heading-title elementor-size-default\">Hakk\u0131m\u0131zda<\/h2>\t\t<\/div>\n\t\t\t\t<\/div>\n\t\t\t\t<div class=\"elementor-element elementor-element-9c58c02 elementor-widget elementor-widget-text-editor\" data-id=\"9c58c02\" data-element_type=\"widget\" data-widget_type=\"text-editor.default\">\n\t\t\t\t<div class=\"elementor-widget-container\">\n\t\t\t\t\t\t\t<p><strong>D\u00f6ng\u00fcsel ekonomi<\/strong> prensiplerine ba\u011fl\u0131 kalarak geleneksel at\u0131k y\u00f6netimini yeniden tan\u0131ml\u0131yoruz. <strong>Geri kazand\u0131r\u0131lamayan<\/strong> end\u00fcstriyel at\u0131klar\u0131 <strong>ileri d\u00f6n\u00fc\u015f\u00fcm<\/strong> teknikleriyle sisteme yeniden kazand\u0131r\u0131yor, \u00e7evresel etkileri azaltarak kaynaklar\u0131 maksimum d\u00fczeyde kullan\u0131yoruz. End\u00fcstriyel at\u0131klar\u0131 <strong>s\u0131f\u0131r at\u0131k<\/strong> prensibiyle ele al\u0131p, pratikte de \u00e7evreci ve <strong>maksimum<\/strong> <strong>katma de\u011fer<\/strong> yaratan \u00e7\u00f6z\u00fcmler sunuyoruz.<\/p>\t\t\t\t\t\t<\/div>\n\t\t\t\t<\/div>\n\t\t\t\t<div class=\"elementor-element elementor-element-9730990 elementor-align-left elementor-widget elementor-widget-button\" data-id=\"9730990\" data-element_type=\"widget\" data-widget_type=\"button.default\">\n\t\t\t\t<div class=\"elementor-widget-container\">\n\t\t\t\t\t<div class=\"elementor-button-wrapper\">\n\t\t\t<a class=\"elementor-button elementor-button-link elementor-size-sm\" href=\"https:\/\/revivess.com\/cozumler\/\">\n\t\t\t\t\t\t<span class=\"elementor-button-content-wrapper\">\n\t\t\t\t\t\t\t\t\t<span class=\"elementor-button-text\">\u00c7\u00f6z\u00fcmlerimiz<\/span>\n\t\t\t\t\t<\/span>\n\t\t\t\t\t<\/a>\n\t\t<\/div>\n\t\t\t\t<\/div>\n\t\t\t\t<\/div>\n\t\t\t\t\t<\/div>\n\t\t<\/div>\n\t\t\t\t\t<\/div>\n\t\t<\/section>\n\t\t\t\t<section class=\"elementor-section elementor-top-section elementor-element elementor-element-08faca5 elementor-section-height-min-height elementor-section-content-middle elementor-section-boxed elementor-section-height-default elementor-section-items-middle\" data-id=\"08faca5\" data-element_type=\"section\" data-settings=\"{&quot;background_background&quot;:&quot;classic&quot;}\">\n\t\t\t\t\t\t<div class=\"elementor-container elementor-column-gap-no\">\n\t\t\t\t\t<div class=\"elementor-column elementor-col-100 elementor-top-column elementor-element elementor-element-509c8b5\" data-id=\"509c8b5\" data-element_type=\"column\">\n\t\t\t<div class=\"elementor-widget-wrap elementor-element-populated\">\n\t\t\t\t\t\t<div class=\"elementor-element elementor-element-bb93331 elementor-widget elementor-widget-heading\" data-id=\"bb93331\" data-element_type=\"widget\" data-widget_type=\"heading.default\">\n\t\t\t\t<div class=\"elementor-widget-container\">\n\t\t\t<h2 class=\"elementor-heading-title elementor-size-default\">Operasyonel Plan<\/h2>\t\t<\/div>\n\t\t\t\t<\/div>\n\t\t\t\t<section class=\"elementor-section elementor-inner-section elementor-element elementor-element-c7e1643 elementor-section-height-min-height elementor-section-boxed elementor-section-height-default\" data-id=\"c7e1643\" data-element_type=\"section\">\n\t\t\t\t\t\t<div class=\"elementor-container elementor-column-gap-no\">\n\t\t\t\t\t<div class=\"elementor-column elementor-col-100 elementor-inner-column elementor-element elementor-element-02e856f\" data-id=\"02e856f\" data-element_type=\"column\">\n\t\t\t<div class=\"elementor-widget-wrap elementor-element-populated\">\n\t\t\t\t\t\t<div class=\"elementor-element elementor-element-610b045 elementor-widget-divider--view-line elementor-widget elementor-widget-divider\" data-id=\"610b045\" data-element_type=\"widget\" data-widget_type=\"divider.default\">\n\t\t\t\t<div class=\"elementor-widget-container\">\n\t\t\t\t\t<div class=\"elementor-divider\">\n\t\t\t<span class=\"elementor-divider-separator\">\n\t\t\t\t\t\t<\/span>\n\t\t<\/div>\n\t\t\t\t<\/div>\n\t\t\t\t<\/div>\n\t\t\t\t\t<\/div>\n\t\t<\/div>\n\t\t\t\t\t<\/div>\n\t\t<\/section>\n\t\t\t\t\t<\/div>\n\t\t<\/div>\n\t\t\t\t\t<\/div>\n\t\t<\/section>\n\t\t\t\t<section class=\"elementor-section elementor-top-section elementor-element elementor-element-bc98d56 elementor-section-content-middle elementor-section-boxed elementor-section-height-default elementor-section-height-default\" data-id=\"bc98d56\" data-element_type=\"section\" data-settings=\"{&quot;background_background&quot;:&quot;classic&quot;}\">\n\t\t\t\t\t\t<div class=\"elementor-container elementor-column-gap-default\">\n\t\t\t\t\t<div class=\"elementor-column elementor-col-100 elementor-top-column elementor-element elementor-element-ac363b0\" data-id=\"ac363b0\" data-element_type=\"column\">\n\t\t\t<div class=\"elementor-widget-wrap elementor-element-populated\">\n\t\t\t\t\t\t<section class=\"elementor-section elementor-inner-section elementor-element elementor-element-ee0d0fd elementor-section-content-bottom elementor-section-boxed elementor-section-height-default elementor-section-height-default\" data-id=\"ee0d0fd\" data-element_type=\"section\" data-settings=\"{&quot;background_background&quot;:&quot;classic&quot;}\">\n\t\t\t\t\t\t<div class=\"elementor-container elementor-column-gap-default\">\n\t\t\t\t\t<div class=\"elementor-column elementor-col-50 elementor-inner-column elementor-element elementor-element-f43af3a\" data-id=\"f43af3a\" data-element_type=\"column\">\n\t\t\t<div class=\"elementor-widget-wrap elementor-element-populated\">\n\t\t\t\t\t\t<div class=\"elementor-element elementor-element-0113aee elementor-widget elementor-widget-image\" data-id=\"0113aee\" data-element_type=\"widget\" data-widget_type=\"image.default\">\n\t\t\t\t<div class=\"elementor-widget-container\">\n\t\t\t\t\t\t\t\t\t\t\t\t\t\t<a href=\"https:\/\/revivess.com\/wp-content\/uploads\/2024\/09\/rev-eng-ope-tr.png\" data-elementor-open-lightbox=\"yes\" data-elementor-lightbox-title=\"rev-eng-ope-tr\" data-e-action-hash=\"#elementor-action%3Aaction%3Dlightbox%26settings%3DeyJpZCI6NDc0OSwidXJsIjoiaHR0cHM6XC9cL3Jldml2ZXNzLmNvbVwvd3AtY29udGVudFwvdXBsb2Fkc1wvMjAyNFwvMDlcL3Jldi1lbmctb3BlLXRyLnBuZyJ9\">\n\t\t\t\t\t\t\t<img decoding=\"async\" width=\"671\" height=\"655\" src=\"https:\/\/revivess.com\/wp-content\/uploads\/2024\/09\/rev-eng-ope-tr.png\" class=\"attachment-large size-large wp-image-4749\" alt=\"\" srcset=\"https:\/\/revivess.com\/wp-content\/uploads\/2024\/09\/rev-eng-ope-tr.png 671w, https:\/\/revivess.com\/wp-content\/uploads\/2024\/09\/rev-eng-ope-tr-300x293.png 300w\" sizes=\"(max-width: 671px) 100vw, 671px\" \/>\t\t\t\t\t\t\t\t<\/a>\n\t\t\t\t\t\t\t\t\t\t\t\t\t<\/div>\n\t\t\t\t<\/div>\n\t\t\t\t\t<\/div>\n\t\t<\/div>\n\t\t\t\t<div class=\"elementor-column elementor-col-50 elementor-inner-column elementor-element elementor-element-cb05034\" data-id=\"cb05034\" data-element_type=\"column\">\n\t\t\t<div class=\"elementor-widget-wrap elementor-element-populated\">\n\t\t\t\t\t\t<div class=\"elementor-element elementor-element-0d3f4b9 elementor-widget elementor-widget-text-editor\" data-id=\"0d3f4b9\" data-element_type=\"widget\" data-widget_type=\"text-editor.default\">\n\t\t\t\t<div class=\"elementor-widget-container\">\n\t\t\t\t\t\t\t<p>\u00dcretim s\u00fcre\u00e7lerinde olu\u015fan at\u0131klar, m\u00fc\u015fteri taleplerini dikkate alarak geli\u015ftirilen inovatif ve s\u00fcrd\u00fcr\u00fclebilir tasar\u0131mlarla uyumlu \u015fekilde, \u00e7evresel standartlara g\u00f6re incelenir. Bu at\u0131klar, detayl\u0131 ayr\u0131\u015ft\u0131rma i\u015flemlerinden ge\u00e7irilerek geri d\u00f6n\u00fc\u015f\u00fcm s\u00fcre\u00e7lerine tabi tutulur.Yeni tasar\u0131m ile form\u00fcle edilen hybrid hammaddeler, \u00fcretim s\u00fcre\u00e7lerine dahil edilir ve b\u00f6ylece ileri d\u00f6n\u00fc\u015f\u00fcm son \u00fcr\u00fcnler \u00fcretilir. Bu s\u00fcre\u00e7ler, yeni tasarlanan \u00fcr\u00fcnlerin pazar ihtiya\u00e7lar\u0131n\u0131 kar\u015f\u0131layarak s\u00fcrd\u00fcr\u00fclebilir bir gelecek yaratmaya katk\u0131da bulunur. Her ad\u0131mda, \u00e7evresel etkilerimizi azaltma ve kaynaklar\u0131n verimli kullan\u0131m\u0131n\u0131 art\u0131rma hedeflerimize odaklanmaktay\u0131z.<\/p>\t\t\t\t\t\t<\/div>\n\t\t\t\t<\/div>\n\t\t\t\t\t<\/div>\n\t\t<\/div>\n\t\t\t\t\t<\/div>\n\t\t<\/section>\n\t\t\t\t\t<\/div>\n\t\t<\/div>\n\t\t\t\t\t<\/div>\n\t\t<\/section>\n\t\t\t\t<\/div>\n\t\t","protected":false},"excerpt":{"rendered":"<p>D\u00f6ng\u00fcsel ekonomi prensiplerine ba\u011fl\u0131 kalarak geleneksel at\u0131k y\u00f6netimini yeniden tan\u0131ml\u0131yoruz. Geri kazand\u0131r\u0131lamayan end\u00fcstriyel at\u0131klar\u0131 ileri d\u00f6n\u00fc\u015f\u00fcm teknikleriyle sisteme yeniden kazand\u0131r\u0131yor, \u00e7evresel etkileri azaltarak kaynaklar\u0131 maksimum d\u00fczeyde kullan\u0131yoruz. End\u00fcstriyel at\u0131klar\u0131 s\u0131f\u0131r at\u0131k prensibiyle ele al\u0131p, pratikte de \u00e7evreci ve maksimum katma de\u011fer yaratan \u00e7\u00f6z\u00fcmler sunuyoruz.<\/p>\n","protected":false},"author":2,"featured_media":3609,"parent":0,"menu_order":0,"comment_status":"closed","ping_status":"closed","template":"elementor_header_footer","meta":{"_acf_changed":false,"footnotes":""},"class_list":["post-2978","page","type-page","status-publish","has-post-thumbnail","hentry"],"acf":[],"yoast_head":"<!-- This site is optimized with the Yoast SEO plugin v23.6 - https:\/\/yoast.com\/wordpress\/plugins\/seo\/ -->\n<title>Hakk\u0131m\u0131zda - REVIVE Sustainability Solutions<\/title>\n<meta name=\"description\" content=\"D\u00f6ng\u00fcsel ekonomi prensiplerine ba\u011fl\u0131 kalarak geleneksel at\u0131k y\u00f6netimini yeniden tan\u0131ml\u0131yoruz. Geri kazand\u0131r\u0131lamayan end\u00fcstriyel at\u0131klar\u0131 ileri d\u00f6n\u00fc\u015f\u00fcm teknikleriyle sisteme yeniden kazand\u0131r\u0131yor, \u00e7evresel etkileri azaltarak kaynaklar\u0131 maksimum d\u00fczeyde kullan\u0131yoruz. End\u00fcstriyel at\u0131klar\u0131 s\u0131f\u0131r at\u0131k prensibiyle ele al\u0131p, pratikte de \u00e7evreci ve maksimum katma de\u011fer yaratan \u00e7\u00f6z\u00fcmler sunuyoruz.\" \/>\n<meta name=\"robots\" content=\"index, follow, max-snippet:-1, max-image-preview:large, max-video-preview:-1\" \/>\n<link rel=\"canonical\" href=\"https:\/\/revivess.com\/tr\/hakkimizda\/\" \/>\n<meta property=\"og:locale\" content=\"tr_TR\" \/>\n<meta property=\"og:type\" content=\"article\" \/>\n<meta property=\"og:title\" content=\"Hakk\u0131m\u0131zda - REVIVE Sustainability Solutions\" \/>\n<meta property=\"og:description\" content=\"D\u00f6ng\u00fcsel ekonomi prensiplerine ba\u011fl\u0131 kalarak geleneksel at\u0131k y\u00f6netimini yeniden tan\u0131ml\u0131yoruz. Geri kazand\u0131r\u0131lamayan end\u00fcstriyel at\u0131klar\u0131 ileri d\u00f6n\u00fc\u015f\u00fcm teknikleriyle sisteme yeniden kazand\u0131r\u0131yor, \u00e7evresel etkileri azaltarak kaynaklar\u0131 maksimum d\u00fczeyde kullan\u0131yoruz. End\u00fcstriyel at\u0131klar\u0131 s\u0131f\u0131r at\u0131k prensibiyle ele al\u0131p, pratikte de \u00e7evreci ve maksimum katma de\u011fer yaratan \u00e7\u00f6z\u00fcmler sunuyoruz.\" \/>\n<meta property=\"og:url\" content=\"https:\/\/revivess.com\/tr\/hakkimizda\/\" \/>\n<meta property=\"og:site_name\" content=\"REVIVE Sustainability Solutions\" \/>\n<meta property=\"article:modified_time\" content=\"2024-09-23T10:44:08+00:00\" \/>\n<meta property=\"og:image\" content=\"https:\/\/revivess.com\/wp-content\/uploads\/2023\/03\/revive-favicon.png\" \/>\n\t<meta property=\"og:image:width\" content=\"500\" \/>\n\t<meta property=\"og:image:height\" content=\"500\" \/>\n\t<meta property=\"og:image:type\" content=\"image\/png\" \/>\n<meta name=\"twitter:card\" content=\"summary_large_image\" \/>\n<meta name=\"twitter:label1\" content=\"Tahmini okuma s\u00fcresi\" \/>\n\t<meta name=\"twitter:data1\" content=\"2 dakika\" \/>\n<script type=\"application\/ld+json\" class=\"yoast-schema-graph\">{\"@context\":\"https:\/\/schema.org\",\"@graph\":[{\"@type\":\"WebPage\",\"@id\":\"https:\/\/revivess.com\/tr\/hakkimizda\/\",\"url\":\"https:\/\/revivess.com\/tr\/hakkimizda\/\",\"name\":\"Hakk\u0131m\u0131zda - REVIVE Sustainability Solutions\",\"isPartOf\":{\"@id\":\"https:\/\/revivess.com\/#website\"},\"primaryImageOfPage\":{\"@id\":\"https:\/\/revivess.com\/tr\/hakkimizda\/#primaryimage\"},\"image\":{\"@id\":\"https:\/\/revivess.com\/tr\/hakkimizda\/#primaryimage\"},\"thumbnailUrl\":\"https:\/\/revivess.com\/wp-content\/uploads\/2023\/03\/revive-favicon.png\",\"datePublished\":\"2024-06-21T20:35:15+00:00\",\"dateModified\":\"2024-09-23T10:44:08+00:00\",\"description\":\"D\u00f6ng\u00fcsel ekonomi prensiplerine ba\u011fl\u0131 kalarak geleneksel at\u0131k y\u00f6netimini yeniden tan\u0131ml\u0131yoruz. Geri kazand\u0131r\u0131lamayan end\u00fcstriyel at\u0131klar\u0131 ileri d\u00f6n\u00fc\u015f\u00fcm teknikleriyle sisteme yeniden kazand\u0131r\u0131yor, \u00e7evresel etkileri azaltarak kaynaklar\u0131 maksimum d\u00fczeyde kullan\u0131yoruz. End\u00fcstriyel at\u0131klar\u0131 s\u0131f\u0131r at\u0131k prensibiyle ele al\u0131p, pratikte de \u00e7evreci ve maksimum katma de\u011fer yaratan \u00e7\u00f6z\u00fcmler sunuyoruz.\",\"breadcrumb\":{\"@id\":\"https:\/\/revivess.com\/tr\/hakkimizda\/#breadcrumb\"},\"inLanguage\":\"tr\",\"potentialAction\":[{\"@type\":\"ReadAction\",\"target\":[\"https:\/\/revivess.com\/tr\/hakkimizda\/\"]}]},{\"@type\":\"ImageObject\",\"inLanguage\":\"tr\",\"@id\":\"https:\/\/revivess.com\/tr\/hakkimizda\/#primaryimage\",\"url\":\"https:\/\/revivess.com\/wp-content\/uploads\/2023\/03\/revive-favicon.png\",\"contentUrl\":\"https:\/\/revivess.com\/wp-content\/uploads\/2023\/03\/revive-favicon.png\",\"width\":500,\"height\":500},{\"@type\":\"BreadcrumbList\",\"@id\":\"https:\/\/revivess.com\/tr\/hakkimizda\/#breadcrumb\",\"itemListElement\":[{\"@type\":\"ListItem\",\"position\":1,\"name\":\"Homepage\",\"item\":\"https:\/\/revivess.com\/tr\/\"},{\"@type\":\"ListItem\",\"position\":2,\"name\":\"Hakk\u0131m\u0131zda\"}]},{\"@type\":\"WebSite\",\"@id\":\"https:\/\/revivess.com\/#website\",\"url\":\"https:\/\/revivess.com\/\",\"name\":\"REVIVE Sustainability Solutions\",\"description\":\"\",\"publisher\":{\"@id\":\"https:\/\/revivess.com\/#organization\"},\"potentialAction\":[{\"@type\":\"SearchAction\",\"target\":{\"@type\":\"EntryPoint\",\"urlTemplate\":\"https:\/\/revivess.com\/?s={search_term_string}\"},\"query-input\":{\"@type\":\"PropertyValueSpecification\",\"valueRequired\":true,\"valueName\":\"search_term_string\"}}],\"inLanguage\":\"tr\"},{\"@type\":\"Organization\",\"@id\":\"https:\/\/revivess.com\/#organization\",\"name\":\"REVIVE Sustainability Solutions\",\"url\":\"https:\/\/revivess.com\/\",\"logo\":{\"@type\":\"ImageObject\",\"inLanguage\":\"tr\",\"@id\":\"https:\/\/revivess.com\/#\/schema\/logo\/image\/\",\"url\":\"https:\/\/revivess.com\/wp-content\/uploads\/2024\/08\/revive-favicon.png\",\"contentUrl\":\"https:\/\/revivess.com\/wp-content\/uploads\/2024\/08\/revive-favicon.png\",\"width\":500,\"height\":500,\"caption\":\"REVIVE Sustainability Solutions\"},\"image\":{\"@id\":\"https:\/\/revivess.com\/#\/schema\/logo\/image\/\"}}]}<\/script>\n<!-- \/ Yoast SEO plugin. -->","yoast_head_json":{"title":"Hakk\u0131m\u0131zda - REVIVE Sustainability Solutions","description":"D\u00f6ng\u00fcsel ekonomi prensiplerine ba\u011fl\u0131 kalarak geleneksel at\u0131k y\u00f6netimini yeniden tan\u0131ml\u0131yoruz. Geri kazand\u0131r\u0131lamayan end\u00fcstriyel at\u0131klar\u0131 ileri d\u00f6n\u00fc\u015f\u00fcm teknikleriyle sisteme yeniden kazand\u0131r\u0131yor, \u00e7evresel etkileri azaltarak kaynaklar\u0131 maksimum d\u00fczeyde kullan\u0131yoruz. End\u00fcstriyel at\u0131klar\u0131 s\u0131f\u0131r at\u0131k prensibiyle ele al\u0131p, pratikte de \u00e7evreci ve maksimum katma de\u011fer yaratan \u00e7\u00f6z\u00fcmler sunuyoruz.","robots":{"index":"index","follow":"follow","max-snippet":"max-snippet:-1","max-image-preview":"max-image-preview:large","max-video-preview":"max-video-preview:-1"},"canonical":"https:\/\/revivess.com\/tr\/hakkimizda\/","og_locale":"tr_TR","og_type":"article","og_title":"Hakk\u0131m\u0131zda - REVIVE Sustainability Solutions","og_description":"D\u00f6ng\u00fcsel ekonomi prensiplerine ba\u011fl\u0131 kalarak geleneksel at\u0131k y\u00f6netimini yeniden tan\u0131ml\u0131yoruz. Geri kazand\u0131r\u0131lamayan end\u00fcstriyel at\u0131klar\u0131 ileri d\u00f6n\u00fc\u015f\u00fcm teknikleriyle sisteme yeniden kazand\u0131r\u0131yor, \u00e7evresel etkileri azaltarak kaynaklar\u0131 maksimum d\u00fczeyde kullan\u0131yoruz. End\u00fcstriyel at\u0131klar\u0131 s\u0131f\u0131r at\u0131k prensibiyle ele al\u0131p, pratikte de \u00e7evreci ve maksimum katma de\u011fer yaratan \u00e7\u00f6z\u00fcmler sunuyoruz.","og_url":"https:\/\/revivess.com\/tr\/hakkimizda\/","og_site_name":"REVIVE Sustainability Solutions","article_modified_time":"2024-09-23T10:44:08+00:00","og_image":[{"width":500,"height":500,"url":"https:\/\/revivess.com\/wp-content\/uploads\/2023\/03\/revive-favicon.png","type":"image\/png"}],"twitter_card":"summary_large_image","twitter_misc":{"Tahmini okuma s\u00fcresi":"2 dakika"},"schema":{"@context":"https:\/\/schema.org","@graph":[{"@type":"WebPage","@id":"https:\/\/revivess.com\/tr\/hakkimizda\/","url":"https:\/\/revivess.com\/tr\/hakkimizda\/","name":"Hakk\u0131m\u0131zda - REVIVE Sustainability Solutions","isPartOf":{"@id":"https:\/\/revivess.com\/#website"},"primaryImageOfPage":{"@id":"https:\/\/revivess.com\/tr\/hakkimizda\/#primaryimage"},"image":{"@id":"https:\/\/revivess.com\/tr\/hakkimizda\/#primaryimage"},"thumbnailUrl":"https:\/\/revivess.com\/wp-content\/uploads\/2023\/03\/revive-favicon.png","datePublished":"2024-06-21T20:35:15+00:00","dateModified":"2024-09-23T10:44:08+00:00","description":"D\u00f6ng\u00fcsel ekonomi prensiplerine ba\u011fl\u0131 kalarak geleneksel at\u0131k y\u00f6netimini yeniden tan\u0131ml\u0131yoruz. Geri kazand\u0131r\u0131lamayan end\u00fcstriyel at\u0131klar\u0131 ileri d\u00f6n\u00fc\u015f\u00fcm teknikleriyle sisteme yeniden kazand\u0131r\u0131yor, \u00e7evresel etkileri azaltarak kaynaklar\u0131 maksimum d\u00fczeyde kullan\u0131yoruz. End\u00fcstriyel at\u0131klar\u0131 s\u0131f\u0131r at\u0131k prensibiyle ele al\u0131p, pratikte de \u00e7evreci ve maksimum katma de\u011fer yaratan \u00e7\u00f6z\u00fcmler sunuyoruz.","breadcrumb":{"@id":"https:\/\/revivess.com\/tr\/hakkimizda\/#breadcrumb"},"inLanguage":"tr","potentialAction":[{"@type":"ReadAction","target":["https:\/\/revivess.com\/tr\/hakkimizda\/"]}]},{"@type":"ImageObject","inLanguage":"tr","@id":"https:\/\/revivess.com\/tr\/hakkimizda\/#primaryimage","url":"https:\/\/revivess.com\/wp-content\/uploads\/2023\/03\/revive-favicon.png","contentUrl":"https:\/\/revivess.com\/wp-content\/uploads\/2023\/03\/revive-favicon.png","width":500,"height":500},{"@type":"BreadcrumbList","@id":"https:\/\/revivess.com\/tr\/hakkimizda\/#breadcrumb","itemListElement":[{"@type":"ListItem","position":1,"name":"Homepage","item":"https:\/\/revivess.com\/tr\/"},{"@type":"ListItem","position":2,"name":"Hakk\u0131m\u0131zda"}]},{"@type":"WebSite","@id":"https:\/\/revivess.com\/#website","url":"https:\/\/revivess.com\/","name":"REVIVE Sustainability Solutions","description":"","publisher":{"@id":"https:\/\/revivess.com\/#organization"},"potentialAction":[{"@type":"SearchAction","target":{"@type":"EntryPoint","urlTemplate":"https:\/\/revivess.com\/?s={search_term_string}"},"query-input":{"@type":"PropertyValueSpecification","valueRequired":true,"valueName":"search_term_string"}}],"inLanguage":"tr"},{"@type":"Organization","@id":"https:\/\/revivess.com\/#organization","name":"REVIVE Sustainability Solutions","url":"https:\/\/revivess.com\/","logo":{"@type":"ImageObject","inLanguage":"tr","@id":"https:\/\/revivess.com\/#\/schema\/logo\/image\/","url":"https:\/\/revivess.com\/wp-content\/uploads\/2024\/08\/revive-favicon.png","contentUrl":"https:\/\/revivess.com\/wp-content\/uploads\/2024\/08\/revive-favicon.png","width":500,"height":500,"caption":"REVIVE Sustainability Solutions"},"image":{"@id":"https:\/\/revivess.com\/#\/schema\/logo\/image\/"}}]}},"_links":{"self":[{"href":"https:\/\/revivess.com\/tr\/wp-json\/wp\/v2\/pages\/2978"}],"collection":[{"href":"https:\/\/revivess.com\/tr\/wp-json\/wp\/v2\/pages"}],"about":[{"href":"https:\/\/revivess.com\/tr\/wp-json\/wp\/v2\/types\/page"}],"author":[{"embeddable":true,"href":"https:\/\/revivess.com\/tr\/wp-json\/wp\/v2\/users\/2"}],"replies":[{"embeddable":true,"href":"https:\/\/revivess.com\/tr\/wp-json\/wp\/v2\/comments?post=2978"}],"version-history":[{"count":164,"href":"https:\/\/revivess.com\/tr\/wp-json\/wp\/v2\/pages\/2978\/revisions"}],"predecessor-version":[{"id":4753,"href":"https:\/\/revivess.com\/tr\/wp-json\/wp\/v2\/pages\/2978\/revisions\/4753"}],"wp:featuredmedia":[{"embeddable":true,"href":"https:\/\/revivess.com\/tr\/wp-json\/wp\/v2\/media\/3609"}],"wp:attachment":[{"href":"https:\/\/revivess.com\/tr\/wp-json\/wp\/v2\/media?parent=2978"}],"curies":[{"name":"wp","href":"https:\/\/api.w.org\/{rel}","templated":true}]}}