{"id":2086,"date":"2024-04-27T09:38:56","date_gmt":"2024-04-27T06:38:56","guid":{"rendered":"https:\/\/leonmuhendislik.com\/hakkimizda-copy\/"},"modified":"2024-08-29T22:05:38","modified_gmt":"2024-08-29T19:05:38","slug":"cozumler","status":"publish","type":"page","link":"https:\/\/revivess.com\/tr\/cozumler\/","title":{"rendered":"\u00c7\u00f6z\u00fcmler"},"content":{"rendered":"\t\t<div data-elementor-type=\"wp-page\" data-elementor-id=\"2086\" class=\"elementor elementor-2086\" data-elementor-post-type=\"page\">\n\t\t\t\t\t\t<section class=\"elementor-section elementor-top-section elementor-element elementor-element-a9cb0b3 elementor-section-height-min-height elementor-section-boxed elementor-section-height-default elementor-section-items-middle\" data-id=\"a9cb0b3\" data-element_type=\"section\" data-settings=\"{&quot;background_background&quot;:&quot;classic&quot;}\">\n\t\t\t\t\t\t<div class=\"elementor-container elementor-column-gap-default\">\n\t\t\t\t\t<div class=\"elementor-column elementor-col-100 elementor-top-column elementor-element elementor-element-aaba8f1\" data-id=\"aaba8f1\" data-element_type=\"column\">\n\t\t\t<div class=\"elementor-widget-wrap elementor-element-populated\">\n\t\t\t\t\t\t<div class=\"elementor-element elementor-element-c921cb5 elementor-widget elementor-widget-theme-post-title elementor-page-title elementor-widget-heading\" data-id=\"c921cb5\" data-element_type=\"widget\" data-widget_type=\"theme-post-title.default\">\n\t\t\t\t<div class=\"elementor-widget-container\">\n\t\t\t<h1 class=\"elementor-heading-title elementor-size-default\">\u00c7\u00f6z\u00fcmler<\/h1>\t\t<\/div>\n\t\t\t\t<\/div>\n\t\t\t\t<section class=\"elementor-section elementor-inner-section elementor-element elementor-element-7ba30d2 elementor-section-height-min-height elementor-section-boxed elementor-section-height-default\" data-id=\"7ba30d2\" data-element_type=\"section\">\n\t\t\t\t\t\t<div class=\"elementor-container elementor-column-gap-no\">\n\t\t\t\t\t<div class=\"elementor-column elementor-col-100 elementor-inner-column elementor-element elementor-element-9b221bf\" data-id=\"9b221bf\" data-element_type=\"column\">\n\t\t\t<div class=\"elementor-widget-wrap elementor-element-populated\">\n\t\t\t\t\t\t<div class=\"elementor-element elementor-element-4789634 elementor-widget-divider--view-line elementor-widget elementor-widget-divider\" data-id=\"4789634\" data-element_type=\"widget\" data-widget_type=\"divider.default\">\n\t\t\t\t<div class=\"elementor-widget-container\">\n\t\t\t\t\t<div class=\"elementor-divider\">\n\t\t\t<span class=\"elementor-divider-separator\">\n\t\t\t\t\t\t<\/span>\n\t\t<\/div>\n\t\t\t\t<\/div>\n\t\t\t\t<\/div>\n\t\t\t\t\t<\/div>\n\t\t<\/div>\n\t\t\t\t\t<\/div>\n\t\t<\/section>\n\t\t\t\t<div class=\"elementor-element elementor-element-de3cc7b elementor-widget elementor-widget-ucaddon_post_grid\" data-id=\"de3cc7b\" data-element_type=\"widget\" data-widget_type=\"ucaddon_post_grid.default\">\n\t\t\t\t<div class=\"elementor-widget-container\">\n\t\t\t\n<!-- start Post Grid -->\n\t\t<link id='font-awesome-css' href='https:\/\/revivess.com\/wp-content\/plugins\/unlimited-elements-for-elementor-premium\/assets_libraries\/font-awesome6\/fontawesome-all.min.css' type='text\/css' rel='stylesheet' >\n\t\t<link id='font-awesome-4-shim-css' href='https:\/\/revivess.com\/wp-content\/plugins\/unlimited-elements-for-elementor-premium\/assets_libraries\/font-awesome6\/fontawesome-v4-shims.min.css' type='text\/css' rel='stylesheet' >\n\n<style>\/* widget: Post Grid *\/\n\n\n\n#uc_post_grid_elementor_de3cc7b.uc_post_grid_style_one .uc_post_grid_style_one_wrap {\n   display:grid;\n}\n\n\n#uc_post_grid_elementor_de3cc7b .uc_post_grid_style_one_item\n{\n  position:relative;\n}\n\n#uc_post_grid_elementor_de3cc7b .uc_post_image\n{\n  transition:0.3s;\n  position:relative;\n  overflow:hidden;\n}\n\n#uc_post_grid_elementor_de3cc7b .uc_post_image img\n{\n  width:100%;\n  display:block;\n  transition:0.3s;\n}\n\n\n\t\n\n\n\n\n\n\n#uc_post_grid_elementor_de3cc7b .uc_post_image_overlay\n{\n  position:absolute;\n  top:0px;\n  left:0px;\n  height:100%;\n  width:100%;\n  transition:0.3s;\n}\n\n#uc_post_grid_elementor_de3cc7b .uc_more_btn{\n\n  display:inline-block;\n  text-align:center;\n  text-decoration:none;\n  transition:0.3s;\n}\n\n.ue-grid-item-category a\n{\n  display:inline-block;\n  font-size:10px;\n  \n}\n\n.uc_post_title\n{\n  font-size:21px;\n}\n\n\n#uc_post_grid_elementor_de3cc7b .ue_post_grid_item\n{\n  display:flex;\n  flex-direction:column;\n}\n\n#uc_post_grid_elementor_de3cc7b.uc_post_grid_style_one .uc_content{\n flex-grow:1;\n}\n\n#uc_post_grid_elementor_de3cc7b.uc_post_grid_style_one .uc_content > div\n{\n  height:100%;\n  display:flex;\n  flex-direction:column;\n}\n\n#uc_post_grid_elementor_de3cc7b .uc_post_button\n{\n  margin-top:auto;\n}\n\n\n\n\n\n\n\n\n\n\n\n\n\n\n\n\n\n\n\n\n\n\n\n\n#uc_post_grid_elementor_de3cc7b .ue-meta-data\n{\n  \n  display:flex;\n\n  flex-wrap: wrap;\n  line-height:1em;\n}\n\n#uc_post_grid_elementor_de3cc7b .ue-grid-item-meta-data\n{\n      display:inline-flex;\n      align-items:center;\n}\n\n#uc_post_grid_elementor_de3cc7b .ue-grid-item-meta-data a{\n  color:inherit;\n}\n\n.ue-grid-item-meta-data\n{\n  font-size:12px;\n}\n\n#uc_post_grid_elementor_de3cc7b .ue-grid-item-meta-data-icon\n{\n  line-height:1em;\n}\n\n#uc_post_grid_elementor_de3cc7b .ue-grid-item-meta-data-icon svg\n{\n  width:1em;\n  height:1em;\n}\n\n#uc_post_grid_elementor_de3cc7b .ue-debug-meta\n{\n  padding:10px;\n  border:1px solid red;\n  position:relative;\n  line-height:1.5em;\n  font-size:11px;\n  width:100%;\n}\n\n#uc_post_grid_elementor_de3cc7b .uc_btn_inner\n{\n  display:inline-flex;\n  align-items:center;\n}\n\n#uc_post_grid_elementor_de3cc7b .uc_btn_inner svg\n{\n  width:1em;\n  height:1em;\n}\n\n\n\n\n\n\n<\/style>\n\n<div class=\"uc_post_grid_style_one \" id=\"uc_post_grid_elementor_de3cc7b\"  >\n\t\t<div class=\"uc_post_grid_style_one_wrap ue_post_grid uc-items-wrapper\">\n\t\t\t<div id=\"uc_post_grid_elementor_de3cc7b_item1\" class=\"uc_post_grid_style_one_item ue_post_grid_item ue-item \">\n  \n      <a class=\"uc_post_grid_style_one_image \" href='https:\/\/revivess.com\/tr\/cozumler\/beyaz-esya\/' target=\"_self\">\n     <div class=\"uc_post_image\">\n     <img fetchpriority=\"high\" decoding=\"async\" src=\"https:\/\/revivess.com\/wp-content\/uploads\/2024\/08\/beyaz.png\"  src=\"https:\/\/revivess.com\/wp-content\/uploads\/2024\/08\/beyaz.png\" alt=\"beyaz\" width=\"500\" height=\"500\">\n     <div class=\"uc_post_image_overlay\"><\/div>\n     <\/div>\n    <\/a>\n   \n  <div class=\"uc_content\">\n    <div>\n      \n             \n    \t        \t\t\t      \t\t\t\t<div class=\"uc_post_title\"><a class=\"\" href='https:\/\/revivess.com\/tr\/cozumler\/beyaz-esya\/' target=\"_self\"><div class=\"ue_p_title\">Beyaz E\u015fya<\/div><\/a><\/div>\n      \t\t\t          \t\n\t\t  \n      \t  <div class=\"ue-meta-data\">\n                        \n                        \n        \n\t\t\t\n                        \n                        \n                        \n                        \n            \t\t\t\n              \n            \n          <\/div>\n     \n     <div class=\"uc_post_text\"><\/div>          <div class=\"uc_post_button\">\n        <a class=\"uc_more_btn \" href=\"https:\/\/revivess.com\/tr\/cozumler\/beyaz-esya\/\" target=\"_self\" href='https:\/\/revivess.com\/tr\/cozumler\/beyaz-esya\/'>\n          <div class=\"uc_btn_inner\">\n            <div class=\"uc_btn_txt\">Detaylar<\/div>\n                      <\/div>\n      <\/a>\n      <\/div> \t<\/div>\n  <\/div>\n<\/div>\n<div id=\"uc_post_grid_elementor_de3cc7b_item2\" class=\"uc_post_grid_style_one_item ue_post_grid_item ue-item \">\n  \n      <a class=\"uc_post_grid_style_one_image \" href='https:\/\/revivess.com\/tr\/cozumler\/otomotiv\/' target=\"_self\">\n     <div class=\"uc_post_image\">\n     <img decoding=\"async\" src=\"https:\/\/revivess.com\/wp-content\/uploads\/2024\/08\/oto.png\"  src=\"https:\/\/revivess.com\/wp-content\/uploads\/2024\/08\/oto.png\" alt=\"oto\" width=\"500\" height=\"500\">\n     <div class=\"uc_post_image_overlay\"><\/div>\n     <\/div>\n    <\/a>\n   \n  <div class=\"uc_content\">\n    <div>\n      \n             \n    \t        \t\t\t      \t\t\t\t<div class=\"uc_post_title\"><a class=\"\" href='https:\/\/revivess.com\/tr\/cozumler\/otomotiv\/' target=\"_self\"><div class=\"ue_p_title\">Otomotiv<\/div><\/a><\/div>\n      \t\t\t          \t\n\t\t  \n      \t  <div class=\"ue-meta-data\">\n                        \n                        \n        \n\t\t\t\n                        \n                        \n                        \n                        \n            \t\t\t\n              \n            \n          <\/div>\n     \n     <div class=\"uc_post_text\"><\/div>          <div class=\"uc_post_button\">\n        <a class=\"uc_more_btn \" href=\"https:\/\/revivess.com\/tr\/cozumler\/otomotiv\/\" target=\"_self\" href='https:\/\/revivess.com\/tr\/cozumler\/otomotiv\/'>\n          <div class=\"uc_btn_inner\">\n            <div class=\"uc_btn_txt\">Detaylar<\/div>\n                      <\/div>\n      <\/a>\n      <\/div> \t<\/div>\n  <\/div>\n<\/div>\n<div id=\"uc_post_grid_elementor_de3cc7b_item3\" class=\"uc_post_grid_style_one_item ue_post_grid_item ue-item \">\n  \n      <a class=\"uc_post_grid_style_one_image \" href='https:\/\/revivess.com\/tr\/cozumler\/elektronik-haberlesme\/' target=\"_self\">\n     <div class=\"uc_post_image\">\n     <img decoding=\"async\" src=\"https:\/\/revivess.com\/wp-content\/uploads\/2024\/08\/electric-1.png\"  src=\"https:\/\/revivess.com\/wp-content\/uploads\/2024\/08\/electric-1.png\" alt=\"electric\" width=\"500\" height=\"500\">\n     <div class=\"uc_post_image_overlay\"><\/div>\n     <\/div>\n    <\/a>\n   \n  <div class=\"uc_content\">\n    <div>\n      \n             \n    \t        \t\t\t      \t\t\t\t<div class=\"uc_post_title\"><a class=\"\" href='https:\/\/revivess.com\/tr\/cozumler\/elektronik-haberlesme\/' target=\"_self\"><div class=\"ue_p_title\">Elektronik &amp; Haberle\u015fme<\/div><\/a><\/div>\n      \t\t\t          \t\n\t\t  \n      \t  <div class=\"ue-meta-data\">\n                        \n                        \n        \n\t\t\t\n                        \n                        \n                        \n                        \n            \t\t\t\n              \n            \n          <\/div>\n     \n     <div class=\"uc_post_text\"><\/div>          <div class=\"uc_post_button\">\n        <a class=\"uc_more_btn \" href=\"https:\/\/revivess.com\/tr\/cozumler\/elektronik-haberlesme\/\" target=\"_self\" href='https:\/\/revivess.com\/tr\/cozumler\/elektronik-haberlesme\/'>\n          <div class=\"uc_btn_inner\">\n            <div class=\"uc_btn_txt\">Detaylar<\/div>\n                      <\/div>\n      <\/a>\n      <\/div> \t<\/div>\n  <\/div>\n<\/div>\n\n\t\t<\/div>\n\t<\/div>\n\n\n\n  <div id=\"uc_post_grid_elementor_de3cc7b_empty_message\" class=\"ue-no-posts-found\"  style=\"display:none\" >No posts found<\/div>\n\n\n<!-- end Post Grid -->\t\t<\/div>\n\t\t\t\t<\/div>\n\t\t\t\t\t<\/div>\n\t\t<\/div>\n\t\t\t\t\t<\/div>\n\t\t<\/section>\n\t\t\t\t<\/div>\n\t\t","protected":false},"excerpt":{"rendered":"<p>Beyaz E\u015fya Detaylar Otomotiv \u0130leri D\u00f6n\u00fc\u015f\u00fcm \u00c7\u00f6z\u00fcmleri Detaylar Elektronik &amp; Haberle\u015fme\u00a0 \u0130leri D\u00f6n\u00fc\u015f\u00fcm \u00c7\u00f6z\u00fcmleri\u00a0 Detaylar No posts found<\/p>\n","protected":false},"author":2,"featured_media":3609,"parent":0,"menu_order":0,"comment_status":"closed","ping_status":"closed","template":"elementor_header_footer","meta":{"_acf_changed":false,"footnotes":""},"class_list":["post-2086","page","type-page","status-publish","has-post-thumbnail","hentry"],"acf":[],"yoast_head":"<!-- This site is optimized with the Yoast SEO plugin v23.6 - https:\/\/yoast.com\/wordpress\/plugins\/seo\/ -->\n<title>\u00c7\u00f6z\u00fcmler - REVIVE Sustainability Solutions<\/title>\n<meta name=\"robots\" content=\"index, follow, max-snippet:-1, max-image-preview:large, max-video-preview:-1\" \/>\n<link rel=\"canonical\" href=\"https:\/\/revivess.com\/cozumler\/\" \/>\n<meta property=\"og:locale\" content=\"tr_TR\" \/>\n<meta property=\"og:type\" content=\"article\" \/>\n<meta property=\"og:title\" content=\"\u00c7\u00f6z\u00fcmler - REVIVE Sustainability Solutions\" \/>\n<meta property=\"og:description\" content=\"Beyaz E\u015fya Detaylar Otomotiv \u0130leri D\u00f6n\u00fc\u015f\u00fcm \u00c7\u00f6z\u00fcmleri Detaylar Elektronik &amp; Haberle\u015fme\u00a0 \u0130leri D\u00f6n\u00fc\u015f\u00fcm \u00c7\u00f6z\u00fcmleri\u00a0 Detaylar No posts found\" \/>\n<meta property=\"og:url\" content=\"https:\/\/revivess.com\/cozumler\/\" \/>\n<meta property=\"og:site_name\" content=\"REVIVE Sustainability Solutions\" \/>\n<meta property=\"article:modified_time\" content=\"2024-08-29T19:05:38+00:00\" \/>\n<meta property=\"og:image\" content=\"https:\/\/revivess.com\/wp-content\/uploads\/2023\/03\/revive-favicon.png\" \/>\n\t<meta property=\"og:image:width\" content=\"500\" \/>\n\t<meta property=\"og:image:height\" content=\"500\" \/>\n\t<meta property=\"og:image:type\" content=\"image\/png\" \/>\n<meta name=\"twitter:card\" content=\"summary_large_image\" \/>\n<meta name=\"twitter:label1\" content=\"Tahmini okuma s\u00fcresi\" \/>\n\t<meta name=\"twitter:data1\" content=\"1 dakika\" \/>\n<script type=\"application\/ld+json\" class=\"yoast-schema-graph\">{\"@context\":\"https:\/\/schema.org\",\"@graph\":[{\"@type\":\"WebPage\",\"@id\":\"https:\/\/revivess.com\/cozumler\/\",\"url\":\"https:\/\/revivess.com\/cozumler\/\",\"name\":\"\u00c7\u00f6z\u00fcmler - REVIVE Sustainability Solutions\",\"isPartOf\":{\"@id\":\"https:\/\/revivess.com\/#website\"},\"primaryImageOfPage\":{\"@id\":\"https:\/\/revivess.com\/cozumler\/#primaryimage\"},\"image\":{\"@id\":\"https:\/\/revivess.com\/cozumler\/#primaryimage\"},\"thumbnailUrl\":\"https:\/\/revivess.com\/wp-content\/uploads\/2023\/03\/revive-favicon.png\",\"datePublished\":\"2024-04-27T06:38:56+00:00\",\"dateModified\":\"2024-08-29T19:05:38+00:00\",\"breadcrumb\":{\"@id\":\"https:\/\/revivess.com\/cozumler\/#breadcrumb\"},\"inLanguage\":\"tr\",\"potentialAction\":[{\"@type\":\"ReadAction\",\"target\":[\"https:\/\/revivess.com\/cozumler\/\"]}]},{\"@type\":\"ImageObject\",\"inLanguage\":\"tr\",\"@id\":\"https:\/\/revivess.com\/cozumler\/#primaryimage\",\"url\":\"https:\/\/revivess.com\/wp-content\/uploads\/2023\/03\/revive-favicon.png\",\"contentUrl\":\"https:\/\/revivess.com\/wp-content\/uploads\/2023\/03\/revive-favicon.png\",\"width\":500,\"height\":500},{\"@type\":\"BreadcrumbList\",\"@id\":\"https:\/\/revivess.com\/cozumler\/#breadcrumb\",\"itemListElement\":[{\"@type\":\"ListItem\",\"position\":1,\"name\":\"Homepage\",\"item\":\"https:\/\/revivess.com\/tr\/\"},{\"@type\":\"ListItem\",\"position\":2,\"name\":\"\u00c7\u00f6z\u00fcmler\"}]},{\"@type\":\"WebSite\",\"@id\":\"https:\/\/revivess.com\/#website\",\"url\":\"https:\/\/revivess.com\/\",\"name\":\"REVIVE Sustainability Solutions\",\"description\":\"\",\"publisher\":{\"@id\":\"https:\/\/revivess.com\/#organization\"},\"potentialAction\":[{\"@type\":\"SearchAction\",\"target\":{\"@type\":\"EntryPoint\",\"urlTemplate\":\"https:\/\/revivess.com\/?s={search_term_string}\"},\"query-input\":{\"@type\":\"PropertyValueSpecification\",\"valueRequired\":true,\"valueName\":\"search_term_string\"}}],\"inLanguage\":\"tr\"},{\"@type\":\"Organization\",\"@id\":\"https:\/\/revivess.com\/#organization\",\"name\":\"REVIVE Sustainability Solutions\",\"url\":\"https:\/\/revivess.com\/\",\"logo\":{\"@type\":\"ImageObject\",\"inLanguage\":\"tr\",\"@id\":\"https:\/\/revivess.com\/#\/schema\/logo\/image\/\",\"url\":\"https:\/\/revivess.com\/wp-content\/uploads\/2024\/08\/revive-favicon.png\",\"contentUrl\":\"https:\/\/revivess.com\/wp-content\/uploads\/2024\/08\/revive-favicon.png\",\"width\":500,\"height\":500,\"caption\":\"REVIVE Sustainability Solutions\"},\"image\":{\"@id\":\"https:\/\/revivess.com\/#\/schema\/logo\/image\/\"}}]}<\/script>\n<!-- \/ Yoast SEO plugin. -->","yoast_head_json":{"title":"\u00c7\u00f6z\u00fcmler - REVIVE Sustainability Solutions","robots":{"index":"index","follow":"follow","max-snippet":"max-snippet:-1","max-image-preview":"max-image-preview:large","max-video-preview":"max-video-preview:-1"},"canonical":"https:\/\/revivess.com\/cozumler\/","og_locale":"tr_TR","og_type":"article","og_title":"\u00c7\u00f6z\u00fcmler - REVIVE Sustainability Solutions","og_description":"Beyaz E\u015fya Detaylar Otomotiv \u0130leri D\u00f6n\u00fc\u015f\u00fcm \u00c7\u00f6z\u00fcmleri Detaylar Elektronik &amp; Haberle\u015fme\u00a0 \u0130leri D\u00f6n\u00fc\u015f\u00fcm \u00c7\u00f6z\u00fcmleri\u00a0 Detaylar No posts found","og_url":"https:\/\/revivess.com\/cozumler\/","og_site_name":"REVIVE Sustainability Solutions","article_modified_time":"2024-08-29T19:05:38+00:00","og_image":[{"width":500,"height":500,"url":"https:\/\/revivess.com\/wp-content\/uploads\/2023\/03\/revive-favicon.png","type":"image\/png"}],"twitter_card":"summary_large_image","twitter_misc":{"Tahmini okuma s\u00fcresi":"1 dakika"},"schema":{"@context":"https:\/\/schema.org","@graph":[{"@type":"WebPage","@id":"https:\/\/revivess.com\/cozumler\/","url":"https:\/\/revivess.com\/cozumler\/","name":"\u00c7\u00f6z\u00fcmler - REVIVE Sustainability Solutions","isPartOf":{"@id":"https:\/\/revivess.com\/#website"},"primaryImageOfPage":{"@id":"https:\/\/revivess.com\/cozumler\/#primaryimage"},"image":{"@id":"https:\/\/revivess.com\/cozumler\/#primaryimage"},"thumbnailUrl":"https:\/\/revivess.com\/wp-content\/uploads\/2023\/03\/revive-favicon.png","datePublished":"2024-04-27T06:38:56+00:00","dateModified":"2024-08-29T19:05:38+00:00","breadcrumb":{"@id":"https:\/\/revivess.com\/cozumler\/#breadcrumb"},"inLanguage":"tr","potentialAction":[{"@type":"ReadAction","target":["https:\/\/revivess.com\/cozumler\/"]}]},{"@type":"ImageObject","inLanguage":"tr","@id":"https:\/\/revivess.com\/cozumler\/#primaryimage","url":"https:\/\/revivess.com\/wp-content\/uploads\/2023\/03\/revive-favicon.png","contentUrl":"https:\/\/revivess.com\/wp-content\/uploads\/2023\/03\/revive-favicon.png","width":500,"height":500},{"@type":"BreadcrumbList","@id":"https:\/\/revivess.com\/cozumler\/#breadcrumb","itemListElement":[{"@type":"ListItem","position":1,"name":"Homepage","item":"https:\/\/revivess.com\/tr\/"},{"@type":"ListItem","position":2,"name":"\u00c7\u00f6z\u00fcmler"}]},{"@type":"WebSite","@id":"https:\/\/revivess.com\/#website","url":"https:\/\/revivess.com\/","name":"REVIVE Sustainability Solutions","description":"","publisher":{"@id":"https:\/\/revivess.com\/#organization"},"potentialAction":[{"@type":"SearchAction","target":{"@type":"EntryPoint","urlTemplate":"https:\/\/revivess.com\/?s={search_term_string}"},"query-input":{"@type":"PropertyValueSpecification","valueRequired":true,"valueName":"search_term_string"}}],"inLanguage":"tr"},{"@type":"Organization","@id":"https:\/\/revivess.com\/#organization","name":"REVIVE Sustainability Solutions","url":"https:\/\/revivess.com\/","logo":{"@type":"ImageObject","inLanguage":"tr","@id":"https:\/\/revivess.com\/#\/schema\/logo\/image\/","url":"https:\/\/revivess.com\/wp-content\/uploads\/2024\/08\/revive-favicon.png","contentUrl":"https:\/\/revivess.com\/wp-content\/uploads\/2024\/08\/revive-favicon.png","width":500,"height":500,"caption":"REVIVE Sustainability Solutions"},"image":{"@id":"https:\/\/revivess.com\/#\/schema\/logo\/image\/"}}]}},"_links":{"self":[{"href":"https:\/\/revivess.com\/tr\/wp-json\/wp\/v2\/pages\/2086"}],"collection":[{"href":"https:\/\/revivess.com\/tr\/wp-json\/wp\/v2\/pages"}],"about":[{"href":"https:\/\/revivess.com\/tr\/wp-json\/wp\/v2\/types\/page"}],"author":[{"embeddable":true,"href":"https:\/\/revivess.com\/tr\/wp-json\/wp\/v2\/users\/2"}],"replies":[{"embeddable":true,"href":"https:\/\/revivess.com\/tr\/wp-json\/wp\/v2\/comments?post=2086"}],"version-history":[{"count":77,"href":"https:\/\/revivess.com\/tr\/wp-json\/wp\/v2\/pages\/2086\/revisions"}],"predecessor-version":[{"id":4375,"href":"https:\/\/revivess.com\/tr\/wp-json\/wp\/v2\/pages\/2086\/revisions\/4375"}],"wp:featuredmedia":[{"embeddable":true,"href":"https:\/\/revivess.com\/tr\/wp-json\/wp\/v2\/media\/3609"}],"wp:attachment":[{"href":"https:\/\/revivess.com\/tr\/wp-json\/wp\/v2\/media?parent=2086"}],"curies":[{"name":"wp","href":"https:\/\/api.w.org\/{rel}","templated":true}]}}